{"id":72,"date":"2021-01-10T20:39:59","date_gmt":"2021-01-10T20:39:59","guid":{"rendered":"https:\/\/pernillejakobsen.dk\/?page_id=72"},"modified":"2021-01-22T12:14:27","modified_gmt":"2021-01-22T12:14:27","slug":"fotos-fra-mallorca","status":"publish","type":"page","link":"https:\/\/pernillejakobsen.dk\/index.php\/fotos-fra-mallorca\/","title":{"rendered":"Mallorca"},"content":{"rendered":"\n<figure class=\"wp-block-gallery columns-3 is-cropped\"><ul class=\"blocks-gallery-grid\"><li class=\"blocks-gallery-item\"><figure><img loading=\"lazy\" width=\"1024\" height=\"763\" src=\"https:\/\/pernillejakobsen.dk\/wp-content\/uploads\/husfravejen-1024x763.jpg\" alt=\"\" data-id=\"73\" data-full-url=\"https:\/\/pernillejakobsen.dk\/wp-content\/uploads\/husfravejen.jpg\" data-link=\"https:\/\/pernillejakobsen.dk\/index.php\/fotos-fra-mallorca\/husfravejen\/\" class=\"wp-image-73\" srcset=\"https:\/\/pernillejakobsen.dk\/wp-content\/uploads\/husfravejen-1024x763.jpg 1024w, https:\/\/pernillejakobsen.dk\/wp-content\/uploads\/husfravejen-300x223.jpg 300w, https:\/\/pernillejakobsen.dk\/wp-content\/uploads\/husfravejen-150x112.jpg 150w, https:\/\/pernillejakobsen.dk\/wp-content\/uploads\/husfravejen-768x572.jpg 768w, https:\/\/pernillejakobsen.dk\/wp-content\/uploads\/husfravejen-1140x849.jpg 1140w, https:\/\/pernillejakobsen.dk\/wp-content\/uploads\/husfravejen.jpg 1289w\" sizes=\"(max-width: 1024px) 100vw, 1024px\" \/><\/figure><\/li><li class=\"blocks-gallery-item\"><figure><img loading=\"lazy\" width=\"720\" height=\"960\" src=\"https:\/\/pernillejakobsen.dk\/wp-content\/uploads\/masterbedroom.jpg\" alt=\"\" data-id=\"81\" data-full-url=\"https:\/\/pernillejakobsen.dk\/wp-content\/uploads\/masterbedroom.jpg\" data-link=\"https:\/\/pernillejakobsen.dk\/index.php\/fotos-fra-mallorca\/masterbedroom\/\" class=\"wp-image-81\" srcset=\"https:\/\/pernillejakobsen.dk\/wp-content\/uploads\/masterbedroom.jpg 720w, https:\/\/pernillejakobsen.dk\/wp-content\/uploads\/masterbedroom-225x300.jpg 225w, https:\/\/pernillejakobsen.dk\/wp-content\/uploads\/masterbedroom-113x150.jpg 113w\" sizes=\"(max-width: 720px) 100vw, 720px\" \/><\/figure><\/li><li class=\"blocks-gallery-item\"><figure><img src=\"https:\/\/pernillejakobsen.dk\/wp-content\/uploads\/skriiiigMallorca.jpg\" alt=\"\" data-id=\"163\" data-full-url=\"https:\/\/pernillejakobsen.dk\/wp-content\/uploads\/skriiiigMallorca.jpg\" data-link=\"https:\/\/pernillejakobsen.dk\/index.php\/fotos-fra-mallorca\/skriiiigmallorca\/\" class=\"wp-image-163\"\/><figcaption class=\"blocks-gallery-item__caption\">Den sk\u00f8re familie hygger &#8211; m\u00e5ske man skulle have sove en time l\u00e6ngere&#8230;<\/figcaption><\/figure><\/li><li class=\"blocks-gallery-item\"><figure><img loading=\"lazy\" width=\"800\" height=\"600\" src=\"https:\/\/pernillejakobsen.dk\/wp-content\/uploads\/tagterrasse.jpg\" alt=\"\" data-id=\"82\" data-full-url=\"https:\/\/pernillejakobsen.dk\/wp-content\/uploads\/tagterrasse.jpg\" data-link=\"https:\/\/pernillejakobsen.dk\/index.php\/fotos-fra-mallorca\/tagterrasse\/\" class=\"wp-image-82\" srcset=\"https:\/\/pernillejakobsen.dk\/wp-content\/uploads\/tagterrasse.jpg 800w, https:\/\/pernillejakobsen.dk\/wp-content\/uploads\/tagterrasse-300x225.jpg 300w, https:\/\/pernillejakobsen.dk\/wp-content\/uploads\/tagterrasse-150x113.jpg 150w, https:\/\/pernillejakobsen.dk\/wp-content\/uploads\/tagterrasse-768x576.jpg 768w\" sizes=\"(max-width: 800px) 100vw, 800px\" \/><\/figure><\/li><\/ul><\/figure>\n","protected":false},"excerpt":{"rendered":"","protected":false},"author":1,"featured_media":0,"parent":0,"menu_order":0,"comment_status":"closed","ping_status":"closed","template":"","meta":[],"_links":{"self":[{"href":"https:\/\/pernillejakobsen.dk\/index.php\/wp-json\/wp\/v2\/pages\/72"}],"collection":[{"href":"https:\/\/pernillejakobsen.dk\/index.php\/wp-json\/wp\/v2\/pages"}],"about":[{"href":"https:\/\/pernillejakobsen.dk\/index.php\/wp-json\/wp\/v2\/types\/page"}],"author":[{"embeddable":true,"href":"https:\/\/pernillejakobsen.dk\/index.php\/wp-json\/wp\/v2\/users\/1"}],"replies":[{"embeddable":true,"href":"https:\/\/pernillejakobsen.dk\/index.php\/wp-json\/wp\/v2\/comments?post=72"}],"version-history":[{"count":6,"href":"https:\/\/pernillejakobsen.dk\/index.php\/wp-json\/wp\/v2\/pages\/72\/revisions"}],"predecessor-version":[{"id":316,"href":"https:\/\/pernillejakobsen.dk\/index.php\/wp-json\/wp\/v2\/pages\/72\/revisions\/316"}],"wp:attachment":[{"href":"https:\/\/pernillejakobsen.dk\/index.php\/wp-json\/wp\/v2\/media?parent=72"}],"curies":[{"name":"wp","href":"https:\/\/api.w.org\/{rel}","templated":true}]}}