{"id":7,"date":"2021-01-10T14:59:03","date_gmt":"2021-01-10T14:59:03","guid":{"rendered":"https:\/\/pernillejakobsen.dk\/?page_id=7"},"modified":"2021-01-22T15:53:24","modified_gmt":"2021-01-22T15:53:24","slug":"kontakt","status":"publish","type":"page","link":"https:\/\/pernillejakobsen.dk\/index.php\/kontakt\/","title":{"rendered":"Links"},"content":{"rendered":"\n<p>Her er en r\u00e6kke links til steder jeg ofte bes\u00f8ger:<\/p>\n\n\n\n<p><a href=\"https:\/\/www.airbnb.dk\/rooms\/20553327\">Airbnb &#8211; dejlig lejlighed p\u00e5 Schioldannsvej 11<\/a> som min flinke nabo lejer ud af og til<\/p>\n\n\n\n<p><a href=\"http:\/\/blakset.dk\">Blaksets Bridgecenter &#8211; Danmarks st\u00f8rste bridgeklub &#8211; hvor alle er velkomne<\/a><\/p>\n\n\n\n<p><a href=\"http:\/\/valdemarsro\">Valdemarsro &#8211; mange inspirerende opskrifter<\/a><\/p>\n\n\n\n<p><a href=\"https:\/\/www.instagram.com\/ulla_diana_chemnitz\/?hl=da\">Ulla Chemnitz &#8211; min &#8220;huskunstner&#8221; og dejlige ven<\/a><\/p>\n\n\n\n<p><\/p>\n","protected":false},"excerpt":{"rendered":"<p>Her er en r\u00e6kke links til steder jeg ofte bes\u00f8ger: Airbnb &#8211; dejlig lejlighed p\u00e5 Schioldannsvej 11 som min flinke nabo lejer ud af og til Blaksets Bridgecenter &#8211; Danmarks st\u00f8rste bridgeklub &#8211; hvor alle er velkomne Valdemarsro &#8211; mange inspirerende opskrifter Ulla Chemnitz &#8211; min &#8220;huskunstner&#8221; og dejlige ven<\/p>\n","protected":false},"author":1,"featured_media":0,"parent":0,"menu_order":0,"comment_status":"closed","ping_status":"closed","template":"","meta":[],"_links":{"self":[{"href":"https:\/\/pernillejakobsen.dk\/index.php\/wp-json\/wp\/v2\/pages\/7"}],"collection":[{"href":"https:\/\/pernillejakobsen.dk\/index.php\/wp-json\/wp\/v2\/pages"}],"about":[{"href":"https:\/\/pernillejakobsen.dk\/index.php\/wp-json\/wp\/v2\/types\/page"}],"author":[{"embeddable":true,"href":"https:\/\/pernillejakobsen.dk\/index.php\/wp-json\/wp\/v2\/users\/1"}],"replies":[{"embeddable":true,"href":"https:\/\/pernillejakobsen.dk\/index.php\/wp-json\/wp\/v2\/comments?post=7"}],"version-history":[{"count":6,"href":"https:\/\/pernillejakobsen.dk\/index.php\/wp-json\/wp\/v2\/pages\/7\/revisions"}],"predecessor-version":[{"id":319,"href":"https:\/\/pernillejakobsen.dk\/index.php\/wp-json\/wp\/v2\/pages\/7\/revisions\/319"}],"wp:attachment":[{"href":"https:\/\/pernillejakobsen.dk\/index.php\/wp-json\/wp\/v2\/media?parent=7"}],"curies":[{"name":"wp","href":"https:\/\/api.w.org\/{rel}","templated":true}]}}